{"id":30736,"date":"2016-07-25T17:40:50","date_gmt":"2016-07-25T16:40:50","guid":{"rendered":"https:\/\/atlantipedia.ie\/samples\/?page_id=30736"},"modified":"2025-11-30T22:40:41","modified_gmt":"2025-11-30T22:40:41","slug":"a","status":"publish","type":"page","link":"https:\/\/atlantipedia.ie\/samples\/main-bibliography\/a\/","title":{"rendered":"A"},"content":{"rendered":"<p>Books marked &gt; indicate that a copy is held in the Atlantipedia library.<\/p>\n<p><strong><a href=\"https:\/\/atlantipedia.ie\/samples\/arbartiague-william-lewy-de\/\">William Levy d\u2019Abartiague<\/a><\/strong><br \/>\n[321]<em> L\u2019Atlantide et les Basques<\/em> (Courrier, Bayonne, 1937) French<br \/>\n[883]&gt; <em>Essai de Bibliographie d\u2019Atlantide<\/em> (Courrier, Bayonne, 1937) French<br \/>\n^^Available online: https:\/\/www.sidis.net\/Abartiague.htm French (offline June 2016)<\/p>\n<p><strong><a href=\"https:\/\/atlantipedia.ie\/samples\/abbas-zia\/\">Zia Abbas<\/a><\/strong><br \/>\n[001]<strong>P&gt;<\/strong><em>Atlantis: The Final Solution<\/em> (iuniverse, 2002)<\/p>\n<p><strong>Gian Francesco Abela<\/strong><br \/>\n[1676] <em>Della Descrittione di Malta isola nel Mare Siciliano: con le sue antichit\u00e0, ed altre notizie<\/em>. (Paolo Bonacota, Malta, 1647)<br \/>\n^Available online: <a href=\"https:\/\/archive.org\/details\/delladescrittion00abel\/page\/n5\">https:\/\/archive.org\/details\/delladescrittion00abel\/page\/n5<\/a><\/p>\n<p><strong><a href=\"https:\/\/atlantipedia.ie\/samples\/ali-bey-el-abbassi\/\">Ali Bey El Abbassi<\/a><\/strong><br \/>\n[012] <em>Voyages d&#8217;Ali Bey el Abbassi<\/em> (P. Didot, Paris, 1814 &#8211; 3 vols.)<br \/>\n^ Available online: <a href=\"https:\/\/archive.org\/stream\/voyagesdalibeye00beygoog\">https:\/\/archive.org\/stream\/voyagesdalibeye00beygoog<\/a><\/p>\n<p><a href=\"https:\/\/atlantipedia.ie\/samples\/abrams-dennis-n\/\"><strong>Dennis Abrams<\/strong><\/a><br \/>\n[1160] <em>(The Lost World of) Atlantis<\/em> (Chelsea House, New York, 2012)<\/p>\n<p><strong>David Abulafia<\/strong><br \/>\n[1189]<strong>H&gt;<\/strong><em>The Great Sea <\/em>(Allen Lane\/Penguin, London, 2011)<\/p>\n<p><strong><a href=\"#AcholonuOlumbaCatherine\">Catherine Acholonu-Olumba<\/a> +<\/strong><br \/>\n[1134] <em>They Lived Before Adam: Prehistoric Origins of the Igbo The Never Been Ruled<\/em> (CARC, 2009)<br \/>\n[1833] <em>Eden in Sumer On The Niger <\/em>(LAMBERT Academic Publishing, 2014)<\/p>\n<p><a href=\"https:\/\/atlantipedia.ie\/samples\/ackerman-john\/\"><strong>John Ackerman<\/strong><\/a><br \/>\n[1417] <em>Firmament <\/em>(Infinity Publishing, 1996)<br \/>\n[1418] <em>Chaos <\/em>(Infinity Publishing, 2000)<br \/>\n[1461] <em>Egyptian Astrophysics <\/em>(Infinity Publishing, West Conshohocken.PA, 2014)<br \/>\n[1884] <em>To Catch a Flying Star, a Scientific Theory of UFOs. <\/em>(Univelt, 1989)<\/p>\n<p><strong>Paul D. Ackerman<\/strong><br \/>\n[1727] <em>It&#8217;s A Young World After All<\/em> (Baker Publishing Group, Ada, Michigan, 1986)<\/p>\n<p><strong><a href=\"https:\/\/atlantipedia.ie\/samples\/jose-de-acosta\/\">Jos\u00e9 de Acosta<\/a><\/strong><br \/>\n[592] <em>Historia natural y moral de las Indias<\/em> (1590)<br \/>\n^Available online: <a href=\"https:\/\/archive.org\/details\/historianatural02acosrich\">https:\/\/archive.org\/details\/historianatural02acosrich<\/a> (Madrid, 1894) Spanish<br \/>\n[965] <em>The Natural and Moral History of the Indies<\/em> (Duke University Press, 2002)<\/p>\n<p><strong><a href=\"https:\/\/atlantipedia.ie\/samples\/adams-mark-n\/\">Mark Adams<\/a><\/strong><br \/>\n[976]<strong>P&gt;<\/strong><em>Turn Right at Machu Picchu<\/em> (Dutton, New York, 2011)<br \/>\n[1070]<strong>H&gt;<\/strong><em>Meet Me in Atlantis <\/em>(Dutton, New York, 2015)<\/p>\n<p><strong>William E. Addis &amp; Thomas Arnold<\/strong> (editors)<br \/>\n[1987]<strong>H&gt;<\/strong><em>A Catholic Dictionay <\/em>(Kegan Paul, Trench, Trubner &amp; Co., London, 1897)<\/p>\n<p><strong>Anthony Adolph<\/strong><br \/>\n[<a href=\"https:\/\/atlantipedia.ie\/samples\/main-bibliography\/a\/\">1505<\/a>] Brutus of Troy (Pen &amp; Sword Books, Barnsley, UK, 2015)<\/p>\n<p><strong><a href=\"https:\/\/atlantipedia.ie\/samples\/aelian\/\">Claudius Aelian<\/a><\/strong><br \/>\n[619] <em>De Natura Animalium <\/em>(Latin translation by Friedrich Jacobs) ( Frommann edition, Jena, 1832)<br \/>\n^Available online:\u00a0 <a href=\"http:\/\/www.attalus.org\/info\/aelian.html\">Aelian, On the Nature of Animals: index of translations (attalus.org)<\/a><\/p>\n<p><strong>Louis Agassiz<\/strong><br \/>\n[002] <em>\u00c9tude sur les glaciers<\/em> (Jent &amp; Gassmann, Neuch\u00e2tel, 1840)<br \/>\n^Available online: <a href=\"https:\/\/archive.org\/details\/etudessurlesgla00agasgoog\">https:\/\/archive.org\/details\/etudessurlesgla00agasgoog<\/a><br \/>\n[003] <em>Syst\u00e8me glaciare<\/em> (Victor Masson, Paris,1847)<br \/>\n^ Available online: <a href=\"https:\/\/archive.org\/stream\/etudessurlesgla00agasgoog\">https:\/\/archive.org\/stream\/etudessurlesgla00agasgoog<\/a><\/p>\n<p><strong>John Holmes Agnew (ed)<\/strong><br \/>\n[1232] <em>The Eclectic Magazine of Foreign Literature, Science and Art <\/em>(Leawitt, Trow &amp; Co., New York &amp; Philadelphia, 1844)<br \/>\n^Available online: <a href=\"https:\/\/archive.org\/details\/eclecticmagazine35newyrich\">https:\/\/archive.org\/details\/eclecticmagazine35newyrich<\/a>\u00a0(Volume xxxv)<\/p>\n<p><strong>Abraham Akkerman<\/strong><br \/>\n[1179] <em>Phenomenology of the Winter-City <\/em>(Springer, New York, 2016)<\/p>\n<p><strong><a href=\"#Akysyonov\">Andrei Aksyonov<\/a> &amp; Alexander Chernov<\/strong><br \/>\n[1973]<strong>H&gt;<\/strong><em>Exploring the Deep <\/em>(Collins, London, 1979)<\/p>\n<p><strong><a href=\"https:\/\/atlantipedia.ie\/samples\/giuseppe-alaimo-new\/\">Giuseppe Alaimo<\/a><\/strong><br \/>\n[641] <em>L\u2019enigma di Atlantide (The Atlantis Enigma)<\/em> (MEB, Turin, 1980)<br \/>\n[848]<em> Atlantide Continente Scomparso<\/em> (MEB, Turin, 1997)<\/p>\n<p><strong>C. E. Albertson<\/strong><br \/>\n[013]<strong>P&gt;<\/strong><em>Tartessus was Atlantis<\/em> (iUniverse, Lincoln, Nebraska, 2008)<\/p>\n<p><strong><a href=\"https:\/\/atlantipedia.ie\/samples\/albini-andrea-n\/\">Andrea Albini<\/a><\/strong><br \/>\n[929]<em> Atlantide nel mare dei testi<\/em> (Italian University Press, Genoa, 2012)<\/p>\n<p><a href=\"#AlbinusPeter\"><strong>Peter Albinus<\/strong><\/a> (Translated by Edmund Marsden Goldsmid)<br \/>\n[1348] <em>A Treatise on Foreign Languages and Unknown Islands <\/em>(Edinburgh, 1884)<br \/>\n^Available online: <a href=\"https:\/\/archive.org\/details\/cihm_09651\">https:\/\/archive.org\/details\/cihm_09651<\/a><\/p>\n<p><strong>Klaus Albrecht<\/strong><br \/>\n[1632]<strong>P&gt;<\/strong> <em>Malta&#8217;s Temples: Winter Solstice Alignment <\/em>(Sven Nather, Potsdam, 2007)<\/p>\n<p><strong><a href=\"https:\/\/atlantipedia.ie\/samples\/alexander-greg\/\">Greg Alexander<\/a><\/strong><br \/>\n[020] <em>Atlantis: The Origin of a Legend<\/em> (iUniverse.com, 2004)<\/p>\n<p><strong><a href=\"https:\/\/atlantipedia.ie\/samples\/alfonso-eduardo-n\/\">Eduardo Alfonso<\/a><\/strong><br \/>\n[873] <em>La Atlantida y America<\/em> (Cultura Cl\u00e1sica y Moderna, Madrid, 1957)<br \/>\n^Available online: <a href=\"https:\/\/scribd.com\/doc\/139335527\/alfonso-eduardo-la-atlantida-y-america-pdf\">https:\/\/scribd.com\/doc\/139335527\/alfonso-eduardo-la-atlantida-y-america-pdf<\/a><\/p>\n<p><strong><a href=\"https:\/\/atlantipedia.ie\/samples\/alford-alan-f\/\">Alan F. Alford<\/a><\/strong><br \/>\n[006]<strong>H&gt;<\/strong><em>Gods of the New Millennium<\/em> (Eridu Books, 1996),<br \/>\n[007]<strong>H&gt;<\/strong><em>The Phoenix Solution<\/em> (Hodder &amp;Stoughton, 1998).<br \/>\n[008]<strong>H&gt;<\/strong><em>When the Gods Came Down<\/em>, (Hodder &amp; Stoughton, 2000)<br \/>\n[009]<strong>P&gt;<\/strong><a href=\"#TheAtlantisSecret\"><em>The Atlantis Secret<\/em><\/a> (Eridu 2001)<br \/>\n[010] <em>Pyramid of Secrets<\/em> (Eridu, 2003)<br \/>\n[011] <em>The Midnight Sun<\/em> (Eridu, 2004)<\/p>\n<p><strong>Salah Salim Ali<\/strong><br \/>\n[077]&gt;<em>The Islamic Quarterly<\/em> (London, 1999, No 43, p 259-78)<\/p>\n<p><strong>Michael Allaby &amp; James Lovelock<\/strong><br \/>\n[1719]<strong>H&gt;<\/strong> <em>The Great Extinction <\/em>(Secker &amp; Warburg, London, 1983)<\/p>\n<p><strong><a href=\"https:\/\/atlantipedia.ie\/samples\/allan-delair\/\">Derek S. Allan &amp; J. Bernard Delair<\/a><\/strong><br \/>\n[014]<strong>P&gt;<\/strong> <em><a href=\"#Cataclysm\">Cataclysm<\/a>: Compelling Evidence of a Catastrophic World Change, 9,500 BC<\/em> (Bear &amp; Co, 1997).<br \/>\n[1901]<em> When the Earth Nearly Died <\/em>(Gateway, Bath,1994)<\/p>\n<p><strong>John M. Allegro<\/strong><br \/>\n[1813]<strong>P&gt;<\/strong>The Sacred Mushroom and the Cross (Abacus, London, 1973)<\/p>\n<p><strong><a href=\"https:\/\/atlantipedia.ie\/samples\/allen-j-m\/\">J. M. Allen<\/a><\/strong><br \/>\n[040] <a href=\"https:\/\/atlantipedia.ie\/samples\/atlantis-the-andes-solution\/\"><em>Atlantis &#8211; The Andes Solution<\/em><\/a> (St Martin\u2019s Press, 1998).<br \/>\n[207] <em>Atlantis: Lost Kingdom of the Andes<\/em> (Floris Books, Edinburgh, 2009)<br \/>\n[877]&gt;<em>Atlantis and the Persian Empire<\/em> (J.M. Allen, Cambridge, 2012)<br \/>\n^Available online:\u00a0 <a href=\"http:\/\/web.archive.org\/web\/20141011054919\/https:\/\/www.atlantisbolivia.org\/atlantisandthepersianempire.pdf\">http:\/\/web.archive.org\/web\/20141011054919\/https:\/\/www.atlantisbolivia.org\/atlantisandthepersianempire.pdf<\/a><br \/>\n[993]<strong>E<\/strong>&gt;<em>The Atlantis Trail<\/em> (Privately, 2001; Kindle, 2010)<br \/>\n[2046]<strong>E&gt;<\/strong><em>Decoding Ezekiel&#8217;s Temple<\/em> (Kindle, 2010)<\/p>\n<p><strong><a href=\"#AlmeidaJoaode\">Jo\u00e3o de Almeida<\/a><\/strong><br \/>\n[1474] <em>O Esp\u00edrito da Ra\u00e7a Portuguesa na sua Expans\u00e3o Al\u00e9m-Mar <\/em>(Parceria Ant\u00f3nio Maria Pereira, Lisbon, 1931)<br \/>\n[1475] <em>O Fundo Atlante da Ra\u00e7a Portuguesa e a sua evolu\u00e7\u00e3o hist\u00f3rica<\/em>, (Lisbon, 1950)<br \/>\n[1476] <em>Apenso a O Fundo Atlante da Ra\u00e7a Portuguesa e a sua evolu\u00e7\u00e3o hist\u00f3rica<\/em>, (Lisbon, 1951)<\/p>\n<p><strong><a href=\"https:\/\/atlantipedia.ie\/samples\/aloisio-francis-xavier\/\">Francis Xavier Aloisio<\/a><\/strong><br \/>\n[783]<strong>P&gt;<\/strong><em>Islands of Dream<\/em> (BDL Ltd., Malta, 2009)<br \/>\n[947] <em>The Age of Magic and Wisdom<\/em> (Pilgrim\u2019s Process, Santa Fe.NM, 2013)<\/p>\n<p><strong>Christine Auriela Aloisio<\/strong><br \/>\n[1846]\u00a0 <a href=\"https:\/\/www.amazon.co.uk\/Crystal-City-Atlantis-Journey-Ashua-ra-ta-ra-ebook\/dp\/B07K6ZJLPN\/ref=sr_1_1?dchild=1&amp;qid=1622185874&amp;refinements=p_27%3AChristine+Auriela+Aloisio&amp;s=digital-text&amp;sr=1-1&amp;text=Christine+Auriela+Aloisio\"><em>The Crystal City of Atlantis: My Journey to Ashua.ra.ta.ra<\/em><\/a> (Kindle, 2018)<\/p>\n<p><strong>David Alt<\/strong><br \/>\n[846]<strong>P&gt;<\/strong><em>Glacial Lake Missoula<\/em> (Mountain Press Publishing, Montana, 2003)<\/p>\n<p><strong>Walter Alvarez<\/strong><br \/>\n[1044]<strong>P&gt;<\/strong> <em>T.rex and the Crater of Doom <\/em>(Penguin,London, 1998)<\/p>\n<p><strong><a href=\"https:\/\/atlantipedia.ie\/samples\/ambesi-alberto-cesare\/\">Alberto Cesare Ambesi<\/a><\/strong><br \/>\n[049] <em>Atlantide: Il Continente Perduto<\/em> (Xenia, Milan, 1994)<\/p>\n<p><strong><a href=\"https:\/\/atlantipedia.ie\/samples\/ambrose-henry-b\/\">Henry B. Ambrose<\/a><\/strong><br \/>\n[050]<em> I Found Atlantis<\/em> (1994)<br \/>\n^Available online: https:\/\/www.ifoundatlantis.com\/ifoundatlantisfree.pdf (41page excerpt) (offline June 2016)<br \/>\n[051] <em>I Found the Garden of Eden<\/em><br \/>\n[052] <em>Religions Mysteries Revealed<\/em><\/p>\n<p><strong>Sri G. Ananda<\/strong><br \/>\n[1187] <em>Brahma: The God of Abraham <\/em>(CreateSpace, 2014)<\/p>\n<p><a href=\"#AndersonJH\"><strong>James H. Anderson<\/strong><\/a><br \/>\n[1281] <em>Riddles of Prehistoric Times <\/em>(Broadway Publishing, New York, 1911)<br \/>\n^Available online: <a href=\"https:\/\/archive.org\/details\/riddlesprehisto00andegoog\">https:\/\/archive.org\/details\/riddlesprehisto00andegoog<\/a><\/p>\n<p><a href=\"https:\/\/atlantipedia.ie\/samples\/anderson-robert-edward\/\"><strong>Robert E. Anderson<\/strong><\/a><br \/>\n[1534] <em>The Story of Extinct Civilizations of the East <\/em>(Appleton, New York, 1909)<br \/>\n^Available online: <a href=\"https:\/\/ia800909.us.archive.org\/31\/items\/storyextinctcivi00ande\/storyextinctcivi00ande.pdf\">https:\/\/ia800909.us.archive.org\/31\/items\/storyextinctcivi00ande\/storyextinctcivi00ande.pdf<\/a><br \/>\n[1486]<strong>E&gt;<\/strong><em>The Story of Extinct Civilizations of the West <\/em>(Appleton, New York, 1904)<br \/>\n^ Available online: <a href=\"https:\/\/archive.org\/stream\/storyextinctciv00andegoog\">https:\/\/archive.org\/stream\/storyextinctciv00andegoog<\/a><\/p>\n<p><strong><a href=\"https:\/\/atlantipedia.ie\/samples\/andreas-thomas-n\/\">Thomas Andreas<\/a><\/strong><br \/>\n[932]<strong>E&gt;<\/strong><em>The Truth about Atlantis: What Plato Really Said<\/em>. (e-book Williams &amp; Co.)<\/p>\n<p><strong><a href=\"https:\/\/atlantipedia.ie\/samples\/andrews-p-b-s\/\">P.B.S. Andrews<\/a><\/strong><br \/>\n[056] <em>Larger than Africa and Asia?<\/em> (Greece &amp; Rome, 2nd Series, Vol.14, No.1, April 1967, pp 76-79)<\/p>\n<p><strong><a href=\"https:\/\/atlantipedia.ie\/samples\/andrews-shirley\/\">Shirley Andrews<\/a><\/strong><br \/>\n[057]<strong>P&gt;<\/strong><em>Atlantis: Insights From a Lost Civilisation<\/em> (Llewellyn, Woodbury, Minnesota, 1997)<br \/>\n[058] <em>Lemuria and Atlantis: Studying the Past to Survive the Future<\/em> (Llewellyn, Woodbury, Minnesota. 2004)<\/p>\n<p><strong><a href=\"https:\/\/atlantipedia.ie\/samples\/angelis-alexandros\/\">Alexandros Angelis<\/a><\/strong><br \/>\n[1903] <strong>P&gt;<\/strong><em>Our Unknown Ancient Past <\/em>(Kindle, 2021)<\/p>\n<p><a href=\"https:\/\/atlantipedia.ie\/samples\/anstee-margaret-joan-n\/\"><strong>Margaret Joan Anstee<\/strong><\/a><br \/>\n[1420] <em>Gate of the Sun <\/em>(Longman, London,1970)<\/p>\n<p><a href=\"#AnteloJustinnianoDavid\"><strong>David Antelo Justiniano<\/strong><\/a><br \/>\n[1366] <em>La conspiraci\u00f3n Atlante <\/em>(Gr\u00e1ficas Sirena, Santa Cruz de la Sierra, Bolivia, 2008)<br \/>\n[1933] <em>Atlantida &#8211; Los Paraisos Perdidos: Civilizaci\u00f3n Hidr\u00e1ulica de los Antis<\/em> (Kindle 2021)<\/p>\n<p><strong>David W. Anthony<\/strong><br \/>\n[1356] <em>The Horse, the Wheel, and Language <\/em>(Princeton University Press, 2010)<\/p>\n<p><a href=\"https:\/\/atlantipedia.ie\/samples\/antunes-jose\/\"><strong>Jos\u00e9 Antunes<\/strong><\/a><br \/>\n[1477] <em>Atl\u00e2ntida: do mito \u00e0 explora\u00e7\u00e3o cient\u00edfica<\/em>, in <em>Futuro<\/em>, a.2, n.19 (Aug. 1988), p.9-17<br \/>\n[1478] <em>Reino da Atl\u00e2ntida estendia-se a Sintra e a Mafra<\/em>, in <em>Di\u00e1rio de Not\u00edcias <\/em>(14 Feb. 1989)<\/p>\n<p><a href=\"https:\/\/atlantipedia.ie\/samples\/anziano-gennaro\/\"><strong>Gennaro Anziano<\/strong><\/a><br \/>\n[1072] <em>Atlantide &#8211; Scoperta la terra degli d\u00e8i (Atlantis &#8211; Discover the land of the gods<\/em><em>)<\/em> (2001, Privately Published)<\/p>\n<p><a href=\"https:\/\/atlantipedia.ie\/samples\/899\/\"><strong>Apollonius of Rhodes<\/strong><\/a> (Translated by R.C. Seaton)<br \/>\n[668]<strong>P&gt;<\/strong><em>The Argonautica<\/em> (Loeb Classical Library, Heinemann, London, 1912)<br \/>\n^Available online: <a href=\"https:\/\/www.theoi.com\/Text\/ApolloniusRhodius1.html\">https:\/\/www.theoi.com\/Text\/ApolloniusRhodius1.html<\/a><\/p>\n<p><a href=\"https:\/\/atlantipedia.ie\/samples\/appleby-nigel\/\"><strong>Nigel Appleby<\/strong><\/a> (aka Major Niall Arden)<br \/>\n[076]<strong>H&gt;<\/strong><em>Hall of the Gods<\/em> (Heinemann, London, 1998)<\/p>\n<p><strong><a href=\"https:\/\/atlantipedia.ie\/samples\/richard-dacre-archer-hind-new\/\">Richard Dacre Archer-Hind<\/a><\/strong><br \/>\n[654] <em>Timaeus<\/em> (Macmillan, London, 1888)<br \/>\n^Available online: <a href=\"https:\/\/archive.org\/details\/timaeusofplato00platiala\">https:\/\/archive.org\/details\/timaeusofplato00platiala<\/a><\/p>\n<p><strong><a href=\"https:\/\/atlantipedia.ie\/samples\/arecchi-alberto\/\">Alberto Arecchi<\/a><\/strong><br \/>\n[079] <em>Atlantide: Un mondo scomparso, un\u2019ipotesi per ritrovario<\/em> (Liutprand, 2001)<br \/>\n[2052]<strong>E&gt;<\/strong><em>Alla Scoperta di Atlantide <\/em>(Elison Publishing, 2018)<\/p>\n<p><strong><a href=\"https:\/\/atlantipedia.ie\/samples\/argod-robert\/\">Robert Argod<\/a><\/strong><br \/>\n[065]<strong>P&gt;<\/strong><em>Out of Antarctica<\/em> (Periplus Publishing, London, 2004)<\/p>\n<p><a href=\"#Aristotle\"><strong>Aristotle<\/strong><\/a><br \/>\n[1533] <em>Meteorology <\/em>(Translated by E.W. Webster (d.1917))<br \/>\n<span style=\"color: #000000;\">^ Available online: <a href=\"https:\/\/archive.org\/details\/meteorologica00aris\/page\/n56\/mode\/1up\">Meteorologica : Aristotle : Free Download, Borrow, and Streaming : Internet Archive<\/a> 354a<\/span><br \/>\n[1756] <em>De Mundo <\/em>(Translated by E.S. Forster, Clarendon Press, Oxford, 1914)<br \/>\n^ Available online: <a href=\"https:\/\/archive.org\/details\/demundoarisrich\/page\/n3\/mode\/2up?q=Pillars\">De mundo : Aristotle : Free Download, Borrow, and Streaming : Internet Archive<\/a><\/p>\n<p><a href=\"#Arklund\"><strong>Walther S. Arklund<\/strong><\/a><br \/>\n[1981] <em>Atlantis lag am Rhein<\/em> (F. A. Herbig Verlagsbuchhandlung, 1996)<\/p>\n<p><a href=\"#Arnobius\"><strong>Arnobius of Sicca<\/strong><\/a> (Translated by Hamilton Bryce)<br \/>\n[1347] <em>Adversus Gentes <\/em>(T. &amp; T. Clark, Edinburgh, 1871)<br \/>\n^Available online: <a href=\"https:\/\/archive.org\/details\/thesevenbooksofa00arnouoft\">https:\/\/archive.org\/details\/thesevenbooksofa00arnouoft<\/a><\/p>\n<p><strong>Aaron Arrowsmith<\/strong><br \/>\n[1761] <em>A Compendium of Ancient &amp; Modern Geography <\/em>(K. Williams, Eton, 1939)<br \/>\n^Available online: <a href=\"https:\/\/archive.org\/details\/acompendiumanci00arrogoog\/page\/n5\/mode\/2up?q=tarshish\">A compendium of ancient and modern geography : for the use ofEton school : Arrowsmith, Aaron, 1750-1823 : Free Download, Borrow, and Streaming : Internet Archive<\/a><\/p>\n<p><strong><a href=\"https:\/\/atlantipedia.ie\/samples\/arundell-john-francis-n\/\">John Francis Arundell<\/a><\/strong><br \/>\n[648] <em>The Secret of Plato\u2019s Atlantis<\/em> (Burns &amp; Oates, London, 1885)<br \/>\n^ Available online <a href=\"https:\/\/archive.org\/details\/cu31924028993355\">https:\/\/archive.org\/details\/cu31924028993355<\/a><\/p>\n<p><strong><a href=\"https:\/\/atlantipedia.ie\/samples\/aschenbrenner-klaus-h\/\">Klaus H. Aschenbrenner<\/a><\/strong><br \/>\n[080]<em> Die Antiliden<\/em> (Herbig, 1993)<br \/>\n[081] <em>Das Neue Bild von Atlantis (The New Picture of Atlantis)<\/em> (Konig, 2001)<\/p>\n<p><strong><a href=\"https:\/\/atlantipedia.ie\/samples\/ashe-geoffrey\/\">Geoffrey Ashe<\/a><\/strong><br \/>\n[082]<strong>P&gt;<\/strong><em>Atlantis: Lost Lands, Ancient Wisdom<\/em> (Thames &amp; Hudson, London, 1992)<br \/>\n[083] <em>Atlantis: The Legend of\u00a0 Lost City<\/em> (Frances Lincoln Childrens Books, 1999)<br \/>\n[740]<em> Land to the West\u00a0<\/em> (Collins, London, 1962)<br \/>\n[862]<strong>H&gt;<\/strong><em>The Ancient Wisdom<\/em> (Macmillan, London, 1977]<br \/>\n[1974]<strong>P&gt;<\/strong><em>Miracles \u00a0<\/em>(Abacus,1979)<\/p>\n<p><strong><a href=\"https:\/\/atlantipedia.ie\/samples\/asher-dr-maxine-klein\/\">Dr. Maxine Asher<\/a><\/strong><br \/>\n[084] <em>The Waves of Atlantis\u00a0<\/em> (Stoddart, 1997) 136 pages<br \/>\n[085] <a href=\"#TheAtlanteanConspiracy\"><em>The Atlantis Conspiracy<\/em><\/a> (Selene Books, 1991)(Ancient Mediterrane<\/p>\n<p><a href=\"https:\/\/atlantipedia.ie\/samples\/assman-jan\/\"><strong>Jan<\/strong><strong>\u00a0Assmann<\/strong><\/a><br \/>\n[2071]<em> Cultural Memory and Early Civilisation <\/em>(Cambridge University Press, 2011)<\/p>\n<p><strong><a href=\"https:\/\/atlantipedia.ie\/samples\/atienza-juan-garcia\/\">Juan Garcia Atienza<\/a><\/strong><br \/>\n[115] <em>Los Santos Paganos: Dioses Ayer, Santos Hoy, (The Pagan Saints: Gods Yesterday, Saints To-day) <\/em>(Robin Book, Barcelona,1993)<br \/>\n[116] <em>Los supervivientes de la Atlantida, [The Survivors of Atlantis]<\/em> (Martinez Roca 1994)<br \/>\n^\u00a0Available online: <a href=\"https:\/\/www.scribd.com\/doc\/236094533\/Atienza-Juan-Los-Supervivientes-de-La-Atlantida\">https:\/\/www.scribd.com\/doc\/236094533\/Atienza-Juan-Los-Supervivientes-de-La-Atlantida<\/a><\/p>\n<p><strong>Austen Atkinson<\/strong><br \/>\n[109]<strong>H&gt;<\/strong><em>Impact Earth<\/em> (Virgin Publishing, London 1999)<\/p>\n<p><strong><a href=\"https:\/\/atlantipedia.ie\/samples\/atlantis-conference-%e2%80%93-melos-2005\/\">Atlantis Conference 2005<\/a> (Proceedings)<\/strong>\u00a0&#8211; <strong>See: <\/strong><a href=\"https:\/\/atlantipedia.ie\/samples\/main-bibliography\/n-r\/\"><strong>Papamarinopoulos<\/strong><\/a> <strong>(Editor)<\/strong><\/p>\n<p><strong><a href=\"https:\/\/atlantipedia.ie\/samples\/atlantis-conference-2008\/\">Atlantic Conference 2008<\/a> (Proceedings) &#8211; See: <a href=\"https:\/\/atlantipedia.ie\/samples\/main-bibliography\/n-r\/\">Papamarinopoulos<\/a> (Editor)<\/strong><\/p>\n<p><strong>David Attenborough<\/strong><br \/>\n[1975]<strong>P&gt;<\/strong>The First Eden (Fontana, London, 1989)<br \/>\n[1976]<strong>H&gt;<\/strong>With Matt Kaplan First Life (Collins)<\/p>\n<p><strong>Maria Eugenia Aubet<\/strong><br \/>\n[1977]<strong>P&gt;<\/strong>The Phoenicians and the West (Cambridge University Press, 2001)<\/p>\n<p><strong>Anthony Austin &amp; Brian Crowley<\/strong><br \/>\n[1695] <em>The Dragon&#8217;s Tail: Rediscovering the Tenth Planet <\/em>(Illuminet Pr., 2000)<br \/>\nRepublished as Draco: <em>The Tenth Planet<\/em> (Blacket Rabbit Press, UK, 2003)<\/p>\n<p><a href=\"#AustinNick\"><strong>Nick Austin<\/strong><\/a><br \/>\n[1661]<strong>P&gt;<\/strong> <em>Atlantis: The Minoan Truth <\/em>(Ogmium Press, Crowhurst, East Sussex, 2019)<\/p>\n<p><a href=\"#AvezacMAP\"><strong>Marie-Armand Pascal d\u2019Avezac<\/strong><\/a><br \/>\n[1357] <em>\u00celes de l&#8217;Afrique<\/em> (Firmin Didot Fr\u00e9res, Paris, 1848)<br \/>\n^Available online: <a href=\"https:\/\/archive.org\/stream\/ilesdelafrique00chargoog\">https:\/\/archive.org\/stream\/ilesdelafrique00chargoog#page\/n11\/mode\/1up<\/a><\/p>\n<p><strong>Ahmed Ibrahim Awale<\/strong><br \/>\n[1567] <em>The Mystery of the Land of Punt Unravelled <\/em>(Liibaan Pub., Copenhagen, 2013)<\/p>\n<p><strong><a href=\"https:\/\/atlantipedia.ie\/samples\/aziz-philippe\/\">Philippe Aziz<\/a><\/strong><br \/>\n[134] <em>L&#8217;atlantide civilisation disparue<\/em> (Farnot, 1975)<br \/>\n[933] <em>L&#8217;atlantide; Le Mystere Des Origines<\/em> (Didro, 2001)<\/p>\n","protected":false},"excerpt":{"rendered":"<p>Books marked &gt; indicate that a copy is held in the Atlantipedia library. William Levy d\u2019Abartiague [321] L\u2019Atlantide et les Basques (Courrier, Bayonne, 1937) French [883]&gt; Essai de Bibliographie d\u2019Atlantide (Courrier, Bayonne, 1937) French ^^Available online: https:\/\/www.sidis.net\/Abartiague.htm French (offline June 2016) Zia Abbas [001]P&gt;Atlantis: The Final Solution (iuniverse, 2002) Gian Francesco Abela [1676] Della Descrittione [&hellip;]<\/p>\n","protected":false},"author":9,"featured_media":0,"parent":30738,"menu_order":0,"comment_status":"closed","ping_status":"closed","template":"","meta":{"footnotes":""},"class_list":["post-30736","page","type-page","status-publish","hentry"],"jetpack_sharing_enabled":true,"_links":{"self":[{"href":"https:\/\/atlantipedia.ie\/samples\/wp-json\/wp\/v2\/pages\/30736","targetHints":{"allow":["GET"]}}],"collection":[{"href":"https:\/\/atlantipedia.ie\/samples\/wp-json\/wp\/v2\/pages"}],"about":[{"href":"https:\/\/atlantipedia.ie\/samples\/wp-json\/wp\/v2\/types\/page"}],"author":[{"embeddable":true,"href":"https:\/\/atlantipedia.ie\/samples\/wp-json\/wp\/v2\/users\/9"}],"replies":[{"embeddable":true,"href":"https:\/\/atlantipedia.ie\/samples\/wp-json\/wp\/v2\/comments?post=30736"}],"version-history":[{"count":34,"href":"https:\/\/atlantipedia.ie\/samples\/wp-json\/wp\/v2\/pages\/30736\/revisions"}],"predecessor-version":[{"id":65424,"href":"https:\/\/atlantipedia.ie\/samples\/wp-json\/wp\/v2\/pages\/30736\/revisions\/65424"}],"up":[{"embeddable":true,"href":"https:\/\/atlantipedia.ie\/samples\/wp-json\/wp\/v2\/pages\/30738"}],"wp:attachment":[{"href":"https:\/\/atlantipedia.ie\/samples\/wp-json\/wp\/v2\/media?parent=30736"}],"curies":[{"name":"wp","href":"https:\/\/api.w.org\/{rel}","templated":true}]}}