{"id":30749,"date":"2016-07-25T17:57:33","date_gmt":"2016-07-25T16:57:33","guid":{"rendered":"https:\/\/atlantipedia.ie\/samples\/?page_id=30749"},"modified":"2025-12-04T12:35:56","modified_gmt":"2025-12-04T12:35:56","slug":"g","status":"publish","type":"page","link":"https:\/\/atlantipedia.ie\/samples\/main-bibliography\/g\/","title":{"rendered":"G"},"content":{"rendered":"<p><strong><a href=\"https:\/\/atlantipedia.ie\/samples\/gadow-gerhard\/\">Gerhard Gadow<\/a><\/strong><br \/>\n[305] <em>Der Atlantis-Streit (The Atlantic controversy)<\/em> (Fischer, Frankfurt, 1973)<\/p>\n<p><a href=\"https:\/\/atlantipedia.ie\/samples\/gaffarel-paul\/\"><strong>Paul Gaffarel<\/strong><\/a><br \/>\n[1435] <em>Rapports de l&#8217;Am\u00e9rique et de l&#8217;Ancien Continent <\/em>(Ernest Thorin, Paris, 1869)<br \/>\n^Available online: <a href=\"https:\/\/archive.org\/details\/cihm_03274\">https:\/\/archive.org\/details\/cihm_03274<\/a><br \/>\n[1436] <em>Histoire de la d\u00e9couverte de l\u2019Am\u00e9rique <\/em>(Arthur Rousseau, Paris, 1892)<br \/>\n^Available online: <a href=\"https:\/\/archive.org\/details\/histoiredeladco03gaffgoog\">https:\/\/archive.org\/details\/histoiredeladco03gaffgoog<\/a><\/p>\n<p><strong>Vincent Gaffney, Simon Fitch <\/strong>and<strong> David Smith<\/strong><br \/>\n[662] <i>Europe\u2019s Lost World: The Rediscovery of Doggerland <\/i>(Council for British Archaeology, York, 2009)<\/p>\n<p><strong>Ben H. Gagnon<\/strong><br \/>\n[2109] <em>Church of Birds <\/em>(Moon Books, UK, 2023)<\/p>\n<p><strong><a href=\"https:\/\/atlantipedia.ie\/samples\/galanopoulos-angelos\/\">Angelos Galanopoulos<\/a><\/strong> &amp; <strong><a href=\"https:\/\/atlantipedia.ie\/samples\/bacon-edward\/\">Edward Bacon<\/a><\/strong><i> <\/i><br \/>\n[263]<strong>H&gt;<\/strong><a href=\"#AtlantisTruthbehindLegend\"><i>Atlantis: The Truth behind the Legend<\/i><\/a>\u00a0 (Bobbs-Merrill, New Orleans, 1969)<\/p>\n<p><strong>Angelos Galanopoulos<\/strong><br \/>\n[264] <i>On the Location and Size of Atlantis<\/i> (Prakita Akademia Athen 35, 1960, p 401-418)<\/p>\n<p><strong>Ren\u00e9 Gallant<\/strong><br \/>\n[748]<strong>H&gt;<\/strong><i>Bombarded Earth <\/i>(John Baker, London, 1964)<i> <\/i><\/p>\n<p><strong><a href=\"https:\/\/atlantipedia.ie\/samples\/galea-francis\/\">Francis Galea<\/a><\/strong><br \/>\n[308]<strong>P&gt;<\/strong><em>Malta Fdal Atlantis (Malta the Remains of Atlantis)<\/em> (Malta, 2002)<\/p>\n<p><strong>Nissim Raphael Ganor<\/strong><br \/>\n[1057]\u00a0<em>Who Were the Phoenicians? <\/em>(Kip Kotarim International Publishing, 2009)<\/p>\n<p><strong>Timothy Ganz<\/strong><br \/>\n[376] <i>Early Greek Myth <\/i>(John Hopkins University Press, Baltimore, 1993)<\/p>\n<p><a href=\"#GarciaG\"><strong>Gregorio Garc\u00eda<\/strong><\/a><br \/>\n[1400]<em> Origen de los indios del Nuevo mundo e Indias occidentals <\/em>(Pedro Patricio Mey, Valencia, 1607)<br \/>\n^Available online:\u00a0<a href=\"https:\/\/archive.org\/details\/bub_gb_OmizA2j2bK8C\">https:\/\/archive.org\/details\/bub_gb_OmizA2j2bK8C<\/a>\u00a0(Spanish)<\/p>\n<p><a href=\"#GardinerPhilip\"><strong>Philip Gardiner<\/strong><\/a><br \/>\n[1228] *<em>The Shining Ones <\/em>(William Ernst Publishing, Albany, N.Y. 2005)<br \/>\n*Not to be confused with books of the name as <a href=\"#ObrienChristian\">Christian O&#8217;Brien<\/a> and Helene E. Hagan.<\/p>\n<p><strong>Laurence Gardner<\/strong><br \/>\n[1785]<strong>P&gt;<\/strong><em>Lost Secrets of the Sacred Ark <\/em>(Element, London, 2004)<\/p>\n<p><strong><a href=\"#GarimbertoH\">Hieronomio Garimberto<\/a><\/strong><br \/>\n[1648] <em>Problemi naturali e morali, etc <\/em>(Vincenzo Valgrisi, Venice, 1649)<br \/>\n^Aailable online: <a href=\"https:\/\/books.google.ie\/books?id=Jac6AAAAcAAJ&amp;printsec=frontcover&amp;source=gbs_ge_summary_r&amp;cad=0%23v=onepage&amp;q&amp;f=false\">https:\/\/books.google.ie\/books?id=Jac6AAAAcAAJ&amp;printsec=frontcover&amp;source=gbs_ge_summary_r&amp;cad=0#v=onepage&amp;q&amp;f=false<\/a><\/p>\n<p><strong><a href=\"https:\/\/atlantipedia.ie\/samples\/jean-gattefosse\/\">Jean Gattefoss\u00e9<\/a><\/strong><br \/>\n[311] <i>Atlantis and the Western Tritonis <\/i>(Moroccan Society for Prehistory, 1932)<br \/>\n[312] <em>Hyperborea and the Neolithic Migration<\/em> (1940)<\/p>\n<p><a href=\"https:\/\/atlantipedia.ie\/samples\/jean-gattefosse\/\"><strong>Jean Gattefoss\u00e9<\/strong><\/a> <strong>&amp; Jean Sauveclare (?)<\/strong><br \/>\n[1804] <em>Les Portes de bronze<\/em> (Paul Derain, Lyon, 1939)<\/p>\n<p><strong>Jean Gattefoss\u00e9<\/strong> &amp; <strong><a href=\"https:\/\/atlantipedia.ie\/samples\/roux-claudius\/\">Claudius Roux<\/a><\/strong><br \/>\n[313] <em>Bibliographie de l\u2019Atlantide et des questions connexes<\/em> (Bosc &amp; Riou, Lyon, 1926)<\/p>\n<p><strong><a href=\"https:\/\/atlantipedia.ie\/samples\/gattefosse-rene-maurice\/\">Ren\u00e9-Maurice Gattefoss\u00e9<\/a><\/strong><br \/>\n[314] <i>La Verit\u00e9 sur l\u2019Atlantide <\/i>(Legendre, Lyon, 1923)<\/p>\n<p><strong>David Gebhard<\/strong><br \/>\n[596] <i>Robert Stacy-Judd: Maya Architecture and the Creation of a New Style<\/i> (Capra Press, Santa Barbara, 1993)<\/p>\n<p><strong><a href=\"https:\/\/atlantipedia.ie\/samples\/ernst-gegenschatz\/\">Ernst Gegenschatz<\/a><\/strong><br \/>\n[674] <i>Plato\u2019s Atlantis <\/i>(Ernst Lang, Zurich, 1943)<\/p>\n<p><a href=\"https:\/\/atlantipedia.ie\/samples\/wilhelm-geiger-n\/\"><strong>Wilhelm Geiger <\/strong><\/a><strong>&amp; Friedrich Windischmann<\/strong><br \/>\n[597] <em>Zarathustra in the Gathas\u00a0and in the Greek and Roman Classics\u00a0<\/em>(Otto Harrassowitz, Leipzig, 1897)<br \/>\n^Available online: <a href=\"https:\/\/archive.org\/details\/zarathushtrainga00geigrich\">https:\/\/archive.org\/details\/zarathushtrainga00geigrich<\/a><\/p>\n<p><strong><a href=\"https:\/\/atlantipedia.ie\/samples\/geise-prahl\/\">Gernot L.Geise<\/a><\/strong> &amp; <strong>Reinhard Prahl<\/strong><br \/>\n[730] <i>Auf der Suche nach der Mutterkultur (In Search of the Mother Culture)<\/i> (Michaels, 2005)<\/p>\n<p><strong>Wolfgang Geisth\u00f6vel<\/strong><br \/>\n[1578]<strong>H&gt;<\/strong> <em>Homer&#8217;s Mediterranean<\/em> (Haus Publishing, London, 2008)<\/p>\n<p><strong><a href=\"https:\/\/atlantipedia.ie\/samples\/louis-emile-gentil-new\/\">Louis Emile Gentil<\/a><\/strong><br \/>\n[642] <em>Le Maroc physique<\/em>.\u00a0 (Felix Alcan, Paris,1912)<br \/>\n^Available online: <span style=\"color: #ff0000;\"><a href=\"https:\/\/gallica.bnf.fr\/ark:\/12148\/bpt6k103614q\">https:\/\/gallica.bnf.fr\/ark:\/12148\/bpt6k103614q <\/a><\/span><br \/>\n[643] <em>Carte G\u00e9ologique Provisoire du Maroc <\/em>(Larose, Paris, 1920)<\/p>\n<p><strong>Alice Gerard<\/strong><br \/>\n[334] <i>Glozel: Bones of Contention<\/i> (iUniverse, 2005)<\/p>\n<p><strong><a href=\"https:\/\/atlantipedia.ie\/samples\/gerardin-lucien\/\">Lucien Gerardin<\/a><\/strong><br \/>\n[318] <i>L\u2019Atlantide et les D\u00e9luges (Atlantis and the Floods )<\/i> (Dervy, Paris, 1999)<br \/>\n[1349] <em>Le myst\u00e8re des nombres : arithm\u00e9tique et g\u00e9om\u00e9trie sacr\u00e9es <\/em>(Editions Retz, Paris, 1975)<\/p>\n<p><strong><a href=\"https:\/\/atlantipedia.ie\/samples\/louis-germain-new\/\">Louis Germain<\/a><\/strong><br \/>\n[886] <i>L\u2019Atlantide <\/i>(Paris, 1955)<\/p>\n<p><strong>G\u00e9rard Gertoux<\/strong><br \/>\n[1890] <em>Moses and the Exodus Chronological, Historical and Archaeological Evidence <\/em>(Lulu, 2015)<\/p>\n<p><strong><a href=\"https:\/\/atlantipedia.ie\/samples\/geryl-ratinckx\/\">Patrick Geryl<\/a><\/strong><br \/>\n[066] <i>The Orion Prophecy <\/i>[with Gino Ratinckx](Adventures Unlimited, 2001)<br \/>\n[067] <i>The World Cataclysm in 2012 <\/i>(Adventures Unlimited, 2005)<br \/>\n[068] <i>How to Survive 2012 <\/i>(Adventures Unlimited, 2007)<\/p>\n<p><strong>Edward Gibbon<\/strong><br \/>\n[1523] <em>The History of the Decline and Fall of the Roman Empire, <\/em>7 volumes (Cosimo Inc, New York, 2008)<\/p>\n<p><strong>David J. Gibson<\/strong><br \/>\n[1507] Edom\u00a0and the Hyksos (CanBooks, 2010)<br \/>\n^Available online: <a href=\"https:\/\/web.archive.org\/web\/20160626050952\/https:\/\/biblebelievers.biz\/edom.pdf\"> https:\/\/web.archive.org\/web\/20160626050952\/https:\/\/biblebelievers.biz\/edom.pdf<\/a> or See <a href=\"https:\/\/atlantipedia.ie\/samples\/archive-3468\/\">Archive 3468<\/a><br \/>\n[1508] <em>The Land of Eden Located <\/em>(1964)<br \/>\n^Available online : <a href=\"https:\/\/web.archive.org\/web\/20180503190221\/https:\/\/nabataea.net\/eden1.html\">https:\/\/web.archive.org\/web\/20180503190221\/https:\/\/nabataea.net\/eden1.html<\/a><\/p>\n<p><strong>Ernst Gideon<\/strong><br \/>\n[1643] <em>Troje lag in Engeland <\/em>(Troy Lay in England)(Ankh-Hermes, Utrecht, 1991)<br \/>\nOriginally published as <em>Homerus Zanger der Kelten<\/em> (Homer, Singer of the Celts) (Ankh-Hermes, 1973)<\/p>\n<p><a href=\"https:\/\/atlantipedia.ie\/samples\/gidon-ferdinand\/\"><strong>Ferdinand Gidon<\/strong><\/a><br \/>\n[323] <i>Les submersions atlantiques (irlando armoricaines) de l\u2019age du bronze et la question de l\u2019Atlantide<\/i> (Memoires de l\u2019Academie des Sciences, Arts et Belle Lettres de Caen, 8, 1934, 91-114)<br \/>\n[324] <i>L\u2019Atlantide (Mythologies et cultes) <\/i>(\u00c9dition du Rocher: Monaco. 1993) [translated by <a href=\"#GidonF\">Gidon<\/a>]<i><\/i><br \/>\n[325] <i>Les Livre des Atlantides<\/i> (Paris: Payot, 1941)[translated by Gidon]<br \/>\n[see Bessmerty]<br \/>\n[284] <i>L\u2019Aethiopia Orientale ou Atlantide, Initiatrice des Peuples Anciens<\/i> (Malf\u00e9re, Paris, 1936)<\/p>\n<p><strong><a href=\"https:\/\/atlantipedia.ie\/samples\/gielow-robert-l\/\">Robert L. Gielow<\/a><\/strong><br \/>\n[808]<strong>P&gt;<\/strong><i>Noah\u2019s Flood \u2013 Birth of the Ice Age <\/i>(Axiom Press, Mobile.AL, 2009)<\/p>\n<p><strong><a href=\"https:\/\/atlantipedia.ie\/samples\/gilbert-adrian\/\">Adrian Gilbert<\/a><\/strong><br \/>\n[326]<strong>H&gt;<\/strong>with Robert Bauval <i>The Orion Mystery <\/i>(Wm. Heinemann, London, 1994)<br \/>\n[327]<strong>H&gt;<\/strong>with Maurice Cottrell <i>The Mayan Prophecies <\/i>(Element Books, Rockport, MA, 1995)<br \/>\n[328] <i>Signs in the Sky <\/i>(Corgi Adult, 2001)<br \/>\n[2001]<strong>P&gt;<\/strong><em>Magi <\/em>(Bloomsbury, London, 1997)<\/p>\n<p><strong><a href=\"#GilbertHumphrey\">Humphrey Gilbert<\/a><\/strong><br \/>\n[1650] <em>Discourse of a Discoverie for a new passage to Cataia (China) <\/em>(Scolar Press, London, 1576)<br \/>\n^ Available online: <a href=\"https:\/\/quod.lib.umich.edu\/e\/eebo\/A01749.0001.001?rgn=main;view=fulltext\">https:\/\/quod.lib.umich.edu\/e\/eebo\/A01749.0001.001?rgn=main;view=fulltext<\/a><\/p>\n<p><strong><a href=\"https:\/\/atlantipedia.ie\/samples\/gill-christopher\/\">Christopher Gill<\/a><\/strong><br \/>\n[329] <i>Plato: The Atlantis Story<\/i> (Bristol Classical Press, Bristol, 1980),<br \/>\n[330] <i>Genre of the Atlantis Story<\/i> (Classical Philology 72 (1977) p.287 \u2013 304)<br \/>\n[331] <i>Plato\u2019s Atlantis Story and the Birth of Fiction<\/i> (Philosophy &amp; Literature 3 (1979) p.64\u201378<br \/>\n[1453] Plato&#8217;s Atlantis Story: Text, Translation and Commentary (Liverpool University Press, 2017)<\/p>\n<p><strong>Gary Gilligan<\/strong><br \/>\n[1365] <em>Extraterrestrial Sands <\/em>(Troubador Publishing, Leicester, 2016)<br \/>\n[1385]<strong>P&gt;<\/strong><em>An Ancient World in Chaos <\/em>(Matador, Leicester, 2007)<br \/>\n[1386]<strong>P&gt;<\/strong><em>Comet Venus <\/em>(Matador, Leicester, 2009)<\/p>\n<p><strong>Rex Gilroy<\/strong><br \/>\n[598] <i>Pyramids in the Pacific<\/i> (URU Publications, New South Wales, 2000)<\/p>\n<p><strong>Marija Gimbutas (1921-1994)<\/strong><br \/>\n[1819]<strong>H&gt;<\/strong><em>The Gods and Godesses of Old Europe <\/em>(Thames &amp; Hudson, London,1974)<\/p>\n<p><strong>Charles Ginenthal<\/strong><br \/>\n[514] The Extinction of the Mammoth (Forest Hills, New York, 1997)<br \/>\n[1485]<strong>P<\/strong>&gt;Carl Sagan &amp; Immanuel Velikovsky (New Falcon Pub., Tempe, Arizona, 1995)<br \/>\n[1897] <em>Minds in Denial <\/em>(Kindle, 2015)<\/p>\n<p><strong><a href=\"#GiobertiV\">Vincenzo Gioberti<\/a><\/strong><br \/>\n[1322] <em>Del primato morale e civile degli Italiani<\/em> (S.Bonamici, Lausanne,1846)<br \/>\n^Available online: <a href=\"https:\/\/archive.org\/stream\/delprimatomoral01giobgoog#page\/n0\/mode\/2up\">https:\/\/archive.org\/stream\/delprimatomoral01giobgoog#page\/n0\/mode\/2up<\/a> (Vol 1)<\/p>\n<p><a href=\"https:\/\/atlantipedia.ie\/samples\/giuliani-charles\/\"><strong>Charles Giuliani<\/strong><\/a><br \/>\n[1969] <em>An Alternative View of The Distant Past<\/em> (Lulu, 2008)<\/p>\n<p><strong>William Ewart Gladstone<\/strong><br \/>\n[1484] Studies on Homer and the Homeric Age (3vols, The University Press, Oxford, 1870)<br \/>\n^Available online Vol.I <a href=\"https:\/\/archive.org\/details\/studiesonhomerho01gladuoft\/page\/n6\">https:\/\/archive.org\/details\/studiesonhomerho01gladuoft\/page\/n6<\/a><br \/>\nVol II <a href=\"https:\/\/archive.org\/details\/studiesonhomerho02gladuoft\/page\/n7\">https:\/\/archive.org\/details\/studiesonhomerho02gladuoft\/page\/n7<\/a><br \/>\nVol III <a href=\"https:\/\/archive.org\/details\/studiesonhomerho03glad\/page\/n8\">https:\/\/archive.org\/details\/studiesonhomerho03glad\/page\/n8<\/a><\/p>\n<p><strong>Laurent Glauzy<\/strong><br \/>\n[2114]<strong>E<\/strong>&gt;<em>Giants and Atlantis <\/em>(Kindle, 2015)<\/p>\n<p><strong>William Gleeson<\/strong><br \/>\n[2002]<strong>P&gt;<\/strong><em>Before the Delusion <\/em>(The Temple Publications, Somerset, 2012)<\/p>\n<p><strong>Russell E. Gmirkin<\/strong><br \/>\n[2066] <em>Plato\u2019s Timaeus and the Biblical Creation Accounts <\/em>(Routledge, 2022)<\/p>\n<p><strong><a href=\"https:\/\/atlantipedia.ie\/samples\/dominique-alexandre-godron-amended\/\">D. A. Godron<\/a><\/strong><br \/>\n[645] <i>L&#8217; Atlantide et le Sahara<\/i> (Raybois Imprimeur de L&#8217;Academie de Stanislas, Nancy, 1868)<br \/>\n^Available online: <a href=\"https:\/\/books.google.ie\/books\/about\/L_Atlantide_et_le_Sahara.html?id=aoZTAAAAcAAJ&amp;redir_esc=y\">https:\/\/books.google.ie\/books\/about\/L_Atlantide_et_le_Sahara.html?id=aoZTAAAAcAAJ&amp;redir_esc=y<\/a><\/p>\n<p><a href=\"#GodwinRevGN\"><strong>G.N. Godwin<\/strong><\/a><br \/>\n[1592] <em>A Guide to the Maltese Islands<\/em> (Malta, 1880)<br \/>\n^Available online: <a href=\"https:\/\/archive.org\/details\/aguidetomaltese00godwgoog\/page\/n248\">https:\/\/archive.org\/details\/aguidetomaltese00godwgoog\/page\/n248<\/a><\/p>\n<p><a href=\"https:\/\/atlantipedia.ie\/samples\/godwin-joscelyn\/\"><strong>Joscelyn Godwin<\/strong><\/a><br \/>\n[746]<strong>E<\/strong>&gt;<i>Atlantis and the Cycles of Time<\/i> (Inner Traditions, 2010)<br \/>\n[789]<strong>P&gt;<\/strong><i>Arktos <\/i>(Adventures Unlimited, 1996)<br \/>\n[1130] <em>Athanasius Kircher <\/em>(Thames &amp; Hudson, London, 1979)<br \/>\n^^\u00a0available as\u00a0pdf files: <a href=\"https:\/\/www.pdfarchive.info\/index.php?pages\/Go\">https:\/\/www.pdfarchive.info\/index.php?pages\/Go<\/a><br \/>\n[1593] <em>Athanasius Kircher&#8217;s Theatre Of The World <\/em>(Thames &amp; Hudson, London, 2009)<\/p>\n<p><a href=\"#Golbery\"><strong>Sylvain Meinrad Xavier de Golb\u00e9ry<\/strong><\/a><br \/>\n[1297] <em>Fragmens d&#8217;un voyage en Afrique <\/em>(Treuttel et W\u00fcrtz, Paris, 1802)<br \/>\n^Available online: <a href=\"https:\/\/gallica.bnf.fr\/ark:\/12148\/bpt6k82257m\/f1.image\">https:\/\/gallica.bnf.fr\/ark:\/12148\/bpt6k82257m\/f1.image<\/a> (Vol I)<br \/>\n[1298] English translation by W. Mudford, titled <em>Travels in Africa <\/em>(Jones &amp; Bumford, London 1808)<br \/>\n^Available online: <a href=\"https:\/\/archive.org\/details\/travelsinafrica04mudfgoog\">https:\/\/archive.org\/details\/travelsinafrica04mudfgoog<\/a> (2nd edition. Vol I)<\/p>\n<p><strong>Jan Golinski<\/strong><br \/>\n[1299] <em>The Experimental Self: Humphrey Davy and the making of a Man of Science <\/em>(University of Chicago Press, 2016)<\/p>\n<p><strong><a href=\"https:\/\/atlantipedia.ie\/samples\/gomperz-theodor-n\/\">Theodor Gomperz<\/a><\/strong><br \/>\n[1428] <em>Greek Thinkers <\/em>(Charles Scribner&#8217;s Sons, New York, 1905) 3 Vols.<br \/>\n^Vol 3 Available online: <a href=\"https:\/\/archive.org\/details\/cu31924019527419\">https:\/\/archive.org\/details\/cu31924019527419<\/a><\/p>\n<p><strong><a href=\"https:\/\/atlantipedia.ie\/samples\/gomara-francisco-lopez-de\/\">Francisco L\u00f3pez de G\u00f3mara<\/a><\/strong><br \/>\n[332] <i>Hispania Victrix <\/i>(Saragosso, 1551)<br \/>\n^Available online: <a href=\"https:\/\/reader.digitale-sammlungen.de\/en\/fs1\/object\/display\/bsb10143862_00005.html\">https:\/\/reader.digitale-sammlungen.de\/en\/fs1\/object\/display\/bsb10143862_00005.html\u00a0<\/a><\/p>\n<p><strong>Lucy Goodison &amp; Christine Morris (Eds)<\/strong><br \/>\n[1820]<strong>H&gt;<\/strong> <em>Ancient Goddesses<\/em> (British Museum Press, 1999)<\/p>\n<p><strong><a href=\"https:\/\/atlantipedia.ie\/samples\/goodman-jeffrey-n\/\">Jeffrey Goodman<\/a><\/strong><br \/>\n[781]<strong>H<\/strong>&gt;<i>Psychic Archaeology <\/i>(Wildwood, London, 1978)<br \/>\n[1687]<strong>E<\/strong> &gt; <em>The Comets of <\/em><em>God <\/em>(Archaeological Research Books, Tucson, 2011)<\/p>\n<p><strong><a href=\"https:\/\/atlantipedia.ie\/samples\/john-s-gordon\/\">John S. Gordon<\/a><\/strong><br \/>\n[338]<strong>P&gt;<\/strong><i>Egypt-Child of Atlantis <\/i>(Bear &amp; Co., 2004)<br \/>\n[339]<strong>P&gt;<\/strong><i>The Rise and Fall of Atlantis <\/i>(Watkins Publishing, London, 2008)<br \/>\n[1110] <em>Land of the Fallen Star Gods <\/em>(Inner Traditions\/Bear &amp; Co., 2012)<\/p>\n<p><strong><a href=\"#GorpJvan\">Johannes Goropius Becanus<\/a><\/strong><br \/>\n[1437] <em>Opera Ioan. Goropii Becani <\/em>(Christophorus Plantinus, Antwerp, 1580)<br \/>\n^Available online: <a href=\"https:\/\/reader.digitale-sammlungen.de\/en\/fs1\/object\/display\/bsb11055386_00005.html\">https:\/\/reader.digitale-sammlungen.de\/en\/fs1\/object\/display\/bsb11055386_00005.html<\/a><\/p>\n<p><a href=\"#GorslebenRJ\"><strong>Rudolf John Gorsleben<\/strong><\/a><br \/>\n[1692] <em>Hoch-Zeit der Menschheit<\/em>. (Koehler &amp; Amelang, Leipzig, 1930)<\/p>\n<p><strong><a href=\"https:\/\/atlantipedia.ie\/samples\/gossart-jacques\/\">Jacques Gossart<\/a><\/strong><br \/>\n[340] <i>Les Atlantes hier et aujourd\u2019hui (Atlanteans Yesterday and Today)<\/i> (Robert Laffont, 1998)<br \/>\n[341] <i>La longue marche du svastika (The Long Journey of the Swastika)<\/i> (Dervy, Paris, 2003)<br \/>\n[882] <i>L&#8217;Atlantide: Derni\u00e8res d\u00e9couvertes, nouvelles hypoth\u00e8ses (<\/i><i>Atlantis :l<\/i><i>atest discoveries, new hypotheses)<\/i> (Dervy, Paris, 2011)<\/p>\n<p><a href=\"#GotiMarco\"><strong>Marco Goti<\/strong><\/a><br \/>\n[1430]<strong>E&gt;<\/strong><em> The Island of Plato <\/em>(Kindle, 2017)<\/p>\n<p><strong>David Grann<\/strong><br \/>\n[772]<strong>P&gt;<\/strong> <i>The Lost City of Z <\/i>(Doubleday, 2009)<\/p>\n<p><strong>Michael Grant<\/strong><br \/>\n[661]<strong>P&gt;<\/strong><i>The Ancient Mediterranean <\/i>(Charles Scribner\u2019s Sons, New York, 1969)<\/p>\n<p><strong><a href=\"https:\/\/atlantipedia.ie\/samples\/graves-robert\/\">Robert Graves<\/a><\/strong><br \/>\n[342]<strong>P&gt;<\/strong><i>Greek Myths<\/i> (Vols I, Penguin Books, 1955)<br \/>\n[2003]<strong>P&gt;<\/strong><em>The White Goddess <\/em>(Faber &amp; Faber, London,1977)<\/p>\n<p><strong>John Greco<\/strong><br \/>\n[2106]<strong>E&gt;<\/strong><em>God and the gods <\/em>(iUniverse, 2013)<\/p>\n<p><strong>Mott T. Greene<\/strong><br \/>\n[575]<strong>P&gt;<\/strong> <i>Natural Knowledge in Preclassical Antiquity <\/i>(Johns Hopkins University Press, Baltimore, 1992)<\/p>\n<p><strong><a href=\"https:\/\/atlantipedia.ie\/samples\/greer-john-michael\/\">John Michael Greer<\/a><\/strong><br \/>\n[345]<strong>H&gt;<\/strong> <i>Atlantis <\/i>(Llewellyn Publications, Minnesota, 2007)<\/p>\n<p><strong>David P. Gregg<\/strong><br \/>\n[977]<strong>P<\/strong>&gt;The Stonehenge Codes (Green Man Books, Wirral, UK, 2014)<br \/>\nAvailable online:https:\/\/www.stonehenge-codes.org\/StonehengeCodesFinal-2012.pdf<strong>\u00a0 <\/strong>(offline Nov. 2016)<\/p>\n<p><strong>D. Gregoriades<\/strong><br \/>\n[1416] <em>The Creation of Prototypes<\/em> (Springer, 2010)<\/p>\n<p><strong><a href=\"#GreigAndrew\">Andrew Greig<\/a><\/strong><br \/>\n[1165]<strong>E<\/strong>&gt;<em>Mysteries of the Ancient World: The Secrets of Atlantis <\/em>(Kindle, 2015)<\/p>\n<p><strong>Marcel Griaule &amp; Germaine Dieterlen<\/strong>:<br \/>\n[1698] <em>The Pale Fox<\/em>, originally published as <em>Le Renard P\u00e2le<\/em>, (Institut d&#8217;Ethnologie, Paris, 1965)<\/p>\n<p><strong>John Gribbin <\/strong>with<strong> Stephen Plagemann<\/strong><br \/>\n[1029]<strong>H&gt;<\/strong><em>Beyond the Jupiter Effect <\/em>(Macdonald, London, 1983)<\/p>\n<p><strong>Roderick Grierson &amp; Stuart Munro-Hay<\/strong><br \/>\n[1786]<strong>P&gt;<\/strong><em>The Ark of the Covenant <\/em>(Phoenix, London, 2000)<\/p>\n<p><strong><a href=\"https:\/\/atlantipedia.ie\/samples\/griffiths-john-gwyn\/\">John Gwyn Griffiths<\/a><\/strong><br \/>\n[346] <i>Atlantis and Egypt<\/i> (University of Wales Press, 1991)<\/p>\n<p><strong>Guerrilla Cartography<\/strong><br \/>\n[1554]<strong>P&gt;<\/strong> <em>Water: An Atlas<\/em> (Guerrilla Cartography, Oaklands CA, 2017)<\/p>\n<p><a href=\"https:\/\/atlantipedia.ie\/samples\/guenon-rene-n\/\"><strong>Ren\u00e9 Gu\u00e9non<\/strong><\/a><br \/>\n[2064] <em>Atlantide et Hyperbor\u00e9e<\/em> (BLURB Inc., 2021)<\/p>\n<p><strong>Edwin Guest<\/strong><br \/>\n[1069] <em>Origines Celticae <\/em>(Macmillan &amp; Co., London, 1883)<br \/>\nAvailable online: <a href=\"https:\/\/archive.org\/details\/originesceltica03guesgoog\">https:\/\/archive.org\/details\/originesceltica03guesgoog<\/a> Vol.I<br \/>\n<a href=\"https:\/\/archive.org\/details\/originescelticae02gues\">https:\/\/archive.org\/details\/originescelticae02gues<\/a> Vol II<\/p>\n<p><strong>Xavier Guichard<\/strong><br \/>\n[1699] <em>Eleusis Alesia <\/em>(F. Palliart, Abbeville, 1936)<br \/>\n^The originl Frenh text can be read online: <a href=\"https:\/\/web.archive.org\/web\/20210126131314\/http:\/www.ancient-wisdom.com\/eleuse%20alaise%20chapter1.htm\">Eleusis Alesia: Xavier Guichard (archive.org)<\/a><\/p>\n<p><strong><a href=\"https:\/\/atlantipedia.ie\/samples\/guignard-maurice-erwin-n\/\">Maurice-Erwin Guignard<\/a><\/strong><br \/>\n[1109] <em>Comment j&#8217;ai d\u00e9chiffr\u00e9 la langue \u00e9trusque <\/em>(Published by author, 1962)<\/p>\n<p><strong>W.K.C. Guthrie<\/strong><br \/>\n[946] <i>A History of Greek Philosophy <\/i>(Cambridge University Press, 1978)<\/p>\n","protected":false},"excerpt":{"rendered":"<p>Gerhard Gadow [305] Der Atlantis-Streit (The Atlantic controversy) (Fischer, Frankfurt, 1973) Paul Gaffarel [1435] Rapports de l&#8217;Am\u00e9rique et de l&#8217;Ancien Continent (Ernest Thorin, Paris, 1869) ^Available online: https:\/\/archive.org\/details\/cihm_03274 [1436] Histoire de la d\u00e9couverte de l\u2019Am\u00e9rique (Arthur Rousseau, Paris, 1892) ^Available online: https:\/\/archive.org\/details\/histoiredeladco03gaffgoog Vincent Gaffney, Simon Fitch and David Smith [662] Europe\u2019s Lost World: The Rediscovery [&hellip;]<\/p>\n","protected":false},"author":9,"featured_media":0,"parent":30738,"menu_order":0,"comment_status":"closed","ping_status":"closed","template":"","meta":{"footnotes":""},"class_list":["post-30749","page","type-page","status-publish","hentry"],"jetpack_sharing_enabled":true,"_links":{"self":[{"href":"https:\/\/atlantipedia.ie\/samples\/wp-json\/wp\/v2\/pages\/30749","targetHints":{"allow":["GET"]}}],"collection":[{"href":"https:\/\/atlantipedia.ie\/samples\/wp-json\/wp\/v2\/pages"}],"about":[{"href":"https:\/\/atlantipedia.ie\/samples\/wp-json\/wp\/v2\/types\/page"}],"author":[{"embeddable":true,"href":"https:\/\/atlantipedia.ie\/samples\/wp-json\/wp\/v2\/users\/9"}],"replies":[{"embeddable":true,"href":"https:\/\/atlantipedia.ie\/samples\/wp-json\/wp\/v2\/comments?post=30749"}],"version-history":[{"count":37,"href":"https:\/\/atlantipedia.ie\/samples\/wp-json\/wp\/v2\/pages\/30749\/revisions"}],"predecessor-version":[{"id":55243,"href":"https:\/\/atlantipedia.ie\/samples\/wp-json\/wp\/v2\/pages\/30749\/revisions\/55243"}],"up":[{"embeddable":true,"href":"https:\/\/atlantipedia.ie\/samples\/wp-json\/wp\/v2\/pages\/30738"}],"wp:attachment":[{"href":"https:\/\/atlantipedia.ie\/samples\/wp-json\/wp\/v2\/media?parent=30749"}],"curies":[{"name":"wp","href":"https:\/\/api.w.org\/{rel}","templated":true}]}}